{"id":13042,"date":"2025-05-28T07:30:11","date_gmt":"2025-05-28T07:30:11","guid":{"rendered":"https:\/\/www.groupedaodistribution.com\/?page_id=13042"},"modified":"2025-05-28T07:58:31","modified_gmt":"2025-05-28T07:58:31","slug":"galerie","status":"publish","type":"page","link":"https:\/\/www.groupedaodistribution.com\/en\/galerie\/","title":{"rendered":"Gallery"},"content":{"rendered":"<div data-elementor-type=\"wp-page\" data-elementor-id=\"13042\" class=\"elementor elementor-13042\" data-elementor-post-type=\"page\">\n\t\t\t\t<div class=\"elementor-element elementor-element-4f7ded9 e-con-full e-flex e-con e-parent\" data-id=\"4f7ded9\" data-element_type=\"container\" data-e-type=\"container\" data-settings=\"{&quot;background_background&quot;:&quot;classic&quot;}\"><div class=\"elementor-element elementor-element-5d915ea e-con-full e-flex e-con e-child\" data-id=\"5d915ea\" data-element_type=\"container\" data-e-type=\"container\">\t\t<div class=\"elementor-element elementor-element-b905ab0 elementor-widget elementor-widget-pxl_breadcrumb\" data-id=\"b905ab0\" data-element_type=\"widget\" data-e-type=\"widget\" data-widget_type=\"pxl_breadcrumb.default\">\n\t\t\t\t<div class=\"elementor-widget-container\">\n\t\t\t\t\t<div class=\"pxl-breadcrumb-wrap\">\n\t<ul class=\"pxl-breadcrumb\"><li><span class=\"breadcrumb-entry\">Home<\/span><\/li><\/ul><\/div>\t\t\t\t<\/div>\n\t\t\t\t<\/div>\n\t\t\t\t<div class=\"elementor-element elementor-element-d73477d elementor-widget elementor-widget-pxl_heading\" data-id=\"d73477d\" data-element_type=\"widget\" data-e-type=\"widget\" data-widget_type=\"pxl_heading.default\">\n\t\t\t\t<div class=\"elementor-widget-container\">\n\t\t\t\t\t\n<div id=\"pxl-pxl_heading-d73477d-9709\" class=\"pxl-heading px-sub-title-default-style\">\n\t<div class=\"pxl-heading--inner\">\n\t\t\n\t\t<h3 class=\"pxl-item--title style-default ft-gt highlight-default\" data-wow-delay=\"ms\">\n\t\t\t\t\t\t\tGallery\t\n\t\t\t\t\n\t\t<\/h3>\n\t\t\n\t<\/div>\n<\/div>\t\t\t\t<\/div>\n\t\t\t\t<\/div>\n\t\t\t\t<div class=\"elementor-element elementor-element-e3c2367 elementor-widget elementor-widget-pxl_text_editor\" data-id=\"e3c2367\" data-element_type=\"widget\" data-e-type=\"widget\" data-widget_type=\"pxl_text_editor.default\">\n\t\t\t\t<div class=\"elementor-widget-container\">\n\t\t\t\t\t<div class=\"pxl-text-editor\">\n\t<div class=\"pxl-item--inner\" data-wow-delay=\"ms\">\n\t\t<p class=\"\" data-start=\"105\" data-end=\"392\">Discover the world of Nexus Oversight in pictures. This gallery presents a glimpse of our activities, our projects and our commitment in the field. Through these visuals, dive into the heart of our expertise and know-how.<\/p>\t\t\n\t<\/div>\n<\/div>\t\t\t\t<\/div>\n\t\t\t\t<\/div>\n\t\t\t\t<div class=\"elementor-element elementor-element-26385dc elementor-widget-divider--view-line elementor-widget elementor-widget-divider\" data-id=\"26385dc\" data-element_type=\"widget\" data-e-type=\"widget\" data-widget_type=\"divider.default\">\n\t\t\t\t<div class=\"elementor-widget-container\">\n\t\t\t\t\t\t\t<div class=\"elementor-divider\">\n\t\t\t<span class=\"elementor-divider-separator\">\n\t\t\t\t\t\t<\/span>\n\t\t<\/div>\n\t\t\t\t\t\t<\/div>\n\t\t\t\t<\/div>\n\t\t\t\t<div class=\"elementor-element elementor-element-1210235 elementor-widget-divider--view-line elementor-widget elementor-widget-divider\" data-id=\"1210235\" data-element_type=\"widget\" data-e-type=\"widget\" data-widget_type=\"divider.default\">\n\t\t\t\t<div class=\"elementor-widget-container\">\n\t\t\t\t\t\t\t<div class=\"elementor-divider\">\n\t\t\t<span class=\"elementor-divider-separator\">\n\t\t\t\t\t\t<\/span>\n\t\t<\/div>\n\t\t\t\t\t\t<\/div>\n\t\t\t\t<\/div>\n\t\t\t\t<\/div>\r\n\t\t\t\t<\/div>\r\n\t\t<div class=\"elementor-element elementor-element-5957303 e-flex e-con-boxed e-con e-parent\" data-id=\"5957303\" data-element_type=\"container\" data-e-type=\"container\">\t\t\t<div class=\"e-con-inner\">\r\n\t\t\t\t<div class=\"elementor-element elementor-element-4d94621 elementor-widget elementor-widget-pxl_fillter_showcase\" data-id=\"4d94621\" data-element_type=\"widget\" data-e-type=\"widget\" data-widget_type=\"pxl_fillter_showcase.default\">\n\t\t\t\t<div class=\"elementor-widget-container\">\n\t\t\t\t\t\n<div class=\"pxl-grid pxl-showcase-grid pxl-showcase-grid1 pxl-showcase-layout1 default\" data-layout=\"fitRows\">\n        <div class=\"pxl-el-divider visible\"><\/div>\n        <div id=\"pxl-gallery-6a025d036d17a\" class=\"pxl-grid-inner pxl-grid-masonry row\" data-gutter=\"15\" data-layout=\"Array\">\n        <div class=\"grid-sizer col-xl-4 col-lg-4 col-md-6 col-sm-6 col-12\"><\/div>\n                    <div class=\"pxl-grid-item col-xl-4 col-lg-4 col-md-6 col-sm-6 col-12\">\n                <div class=\"pxl-item--inner\">\n                                            <div class=\"pxl-item--image\">\n                            <img decoding=\"async\" class=\"no-lazyload\" src=\"https:\/\/www.groupedaodistribution.com\/wp-content\/uploads\/2024\/05\/gl1.webp\" width=\"0\" height=\"0\" alt=\"gl1\" title=\"gl1\" \/>                            <a href=\"https:\/\/www.groupedaodistribution.com\/wp-content\/uploads\/2024\/05\/gl1.webp\" class=\"lightbox\" data-elementor-lightbox-slideshow=\"pxl-gallery-6a025d036d17a\"><i class=\"fas fa-eye\"><\/i><\/a>\n                        <\/div>\n                                     <\/div>\n             <\/div>\n                     <div class=\"pxl-grid-item col-xl-4 col-lg-4 col-md-6 col-sm-6 col-6\">\n                <div class=\"pxl-item--inner\">\n                                            <div class=\"pxl-item--image\">\n                            <img decoding=\"async\" class=\"no-lazyload\" src=\"https:\/\/www.groupedaodistribution.com\/wp-content\/uploads\/2024\/05\/gl2.webp\" width=\"0\" height=\"0\" alt=\"gl2\" title=\"gl2\" \/>                            <a href=\"https:\/\/www.groupedaodistribution.com\/wp-content\/uploads\/2024\/05\/gl2.webp\" class=\"lightbox\" data-elementor-lightbox-slideshow=\"pxl-gallery-6a025d036d17a\"><i class=\"fas fa-eye\"><\/i><\/a>\n                        <\/div>\n                                     <\/div>\n             <\/div>\n                     <div class=\"pxl-grid-item col-xl-4 col-lg-4 col-md-6 col-sm-12 col-6\">\n                <div class=\"pxl-item--inner\">\n                                            <div class=\"pxl-item--image\">\n                            <img decoding=\"async\" class=\"no-lazyload\" src=\"https:\/\/www.groupedaodistribution.com\/wp-content\/uploads\/2024\/05\/gl3.webp\" width=\"0\" height=\"0\" alt=\"gl3\" title=\"gl3\" \/>                            <a href=\"https:\/\/www.groupedaodistribution.com\/wp-content\/uploads\/2024\/05\/gl3.webp\" class=\"lightbox\" data-elementor-lightbox-slideshow=\"pxl-gallery-6a025d036d17a\"><i class=\"fas fa-eye\"><\/i><\/a>\n                        <\/div>\n                                     <\/div>\n             <\/div>\n                     <div class=\"pxl-grid-item col-xl-6 col-lg-6 col-md-6 col-sm-6 col-6\">\n                <div class=\"pxl-item--inner\">\n                                            <div class=\"pxl-item--image\">\n                            <img loading=\"lazy\" decoding=\"async\" class=\"no-lazyload\" src=\"https:\/\/www.groupedaodistribution.com\/wp-content\/uploads\/2024\/05\/gl4.webp\" width=\"0\" height=\"0\" alt=\"gl4\" title=\"gl4\" \/>                            <a href=\"https:\/\/www.groupedaodistribution.com\/wp-content\/uploads\/2024\/05\/gl4.webp\" class=\"lightbox\" data-elementor-lightbox-slideshow=\"pxl-gallery-6a025d036d17a\"><i class=\"fas fa-eye\"><\/i><\/a>\n                        <\/div>\n                                     <\/div>\n             <\/div>\n                     <div class=\"pxl-grid-item col-xl-6 col-lg-6 col-md-6 col-sm-6 col-6\">\n                <div class=\"pxl-item--inner\">\n                                            <div class=\"pxl-item--image\">\n                            <img loading=\"lazy\" decoding=\"async\" class=\"no-lazyload\" src=\"https:\/\/www.groupedaodistribution.com\/wp-content\/uploads\/2024\/05\/gl5.webp\" width=\"0\" height=\"0\" alt=\"gl5\" title=\"gl5\" \/>                            <a href=\"https:\/\/www.groupedaodistribution.com\/wp-content\/uploads\/2024\/05\/gl5.webp\" class=\"lightbox\" data-elementor-lightbox-slideshow=\"pxl-gallery-6a025d036d17a\"><i class=\"fas fa-eye\"><\/i><\/a>\n                        <\/div>\n                                     <\/div>\n             <\/div>\n                     <div class=\"pxl-grid-item col-xl-12 col-lg-12 col-md-12 col-sm-12 col-6\">\n                <div class=\"pxl-item--inner\">\n                                            <div class=\"pxl-item--image\">\n                            <img loading=\"lazy\" decoding=\"async\" class=\"no-lazyload\" src=\"https:\/\/www.groupedaodistribution.com\/wp-content\/uploads\/2024\/05\/gl6.webp\" width=\"0\" height=\"0\" alt=\"gl6\" title=\"gl6\" \/>                            <a href=\"https:\/\/www.groupedaodistribution.com\/wp-content\/uploads\/2024\/05\/gl6.webp\" class=\"lightbox\" data-elementor-lightbox-slideshow=\"pxl-gallery-6a025d036d17a\"><i class=\"fas fa-eye\"><\/i><\/a>\n                        <\/div>\n                                     <\/div>\n             <\/div>\n              <\/div>\n <\/div>\n\t\t\t\t<\/div>\n\t\t\t\t<\/div>\n\t\t\t\t\t<\/div>\r\n\t\t\t\t<\/div>\r\n\t\t\t\t<\/div>","protected":false},"excerpt":{"rendered":"<p>Accueil Galerie D\u00e9couvrez en images l\u2019univers de Nexus Oversight. Cette galerie pr\u00e9sente un aper\u00e7u de nos activit\u00e9s, de nos projets et de notre engagement sur le terrain. \u00c0 travers ces visuels, plongez au c\u0153ur de notre expertise et de notre savoir-faire.<\/p>","protected":false},"author":1,"featured_media":0,"parent":0,"menu_order":0,"comment_status":"closed","ping_status":"closed","template":"elementor_header_footer","meta":{"footnotes":""},"class_list":["post-13042","page","type-page","status-publish","hentry"],"_links":{"self":[{"href":"https:\/\/www.groupedaodistribution.com\/en\/wp-json\/wp\/v2\/pages\/13042","targetHints":{"allow":["GET"]}}],"collection":[{"href":"https:\/\/www.groupedaodistribution.com\/en\/wp-json\/wp\/v2\/pages"}],"about":[{"href":"https:\/\/www.groupedaodistribution.com\/en\/wp-json\/wp\/v2\/types\/page"}],"author":[{"embeddable":true,"href":"https:\/\/www.groupedaodistribution.com\/en\/wp-json\/wp\/v2\/users\/1"}],"replies":[{"embeddable":true,"href":"https:\/\/www.groupedaodistribution.com\/en\/wp-json\/wp\/v2\/comments?post=13042"}],"version-history":[{"count":19,"href":"https:\/\/www.groupedaodistribution.com\/en\/wp-json\/wp\/v2\/pages\/13042\/revisions"}],"predecessor-version":[{"id":13072,"href":"https:\/\/www.groupedaodistribution.com\/en\/wp-json\/wp\/v2\/pages\/13042\/revisions\/13072"}],"wp:attachment":[{"href":"https:\/\/www.groupedaodistribution.com\/en\/wp-json\/wp\/v2\/media?parent=13042"}],"curies":[{"name":"wp","href":"https:\/\/api.w.org\/{rel}","templated":true}]}}