{"id":182,"date":"2024-04-16T02:41:14","date_gmt":"2024-04-16T02:41:14","guid":{"rendered":"https:\/\/demo.bravisthemes.com\/herrington\/?page_id=182"},"modified":"2025-05-24T17:26:08","modified_gmt":"2025-05-24T17:26:08","slug":"our-process","status":"publish","type":"page","link":"https:\/\/www.groupedaodistribution.com\/en\/our-process\/","title":{"rendered":"Our Process"},"content":{"rendered":"<div data-elementor-type=\"wp-page\" data-elementor-id=\"182\" class=\"elementor elementor-182\" data-elementor-post-type=\"page\">\n\t\t\t\t        <section class=\"elementor-section elementor-top-section elementor-element elementor-element-9b36c64 elementor-section-stretched elementor-section-boxed elementor-section-height-default elementor-section-height-default pxl-row-scroll-none pxl-zoom-point-false pxl-section-overflow-visible pxl-section-fix-none pxl-bg-color-none pxl-section-overlay-none\" data-id=\"9b36c64\" data-element_type=\"section\" data-e-type=\"section\" data-settings=\"{&quot;stretch_section&quot;:&quot;section-stretched&quot;,&quot;background_background&quot;:&quot;classic&quot;}\">\n\n                            <div class=\"elementor-background-overlay\"><\/div>\n            \n                <div class=\"elementor-container elementor-column-gap-extended\">\n                <div class=\"elementor-column elementor-col-100 elementor-top-column elementor-element elementor-element-0f560f7 pxl-column-none pxl-column-overflow-hidden-no\" data-id=\"0f560f7\" data-element_type=\"column\" data-e-type=\"column\">\r\n        <div class=\"elementor-widget-wrap elementor-element-populated\">\r\n                     \r\n        \t\t<div class=\"elementor-element elementor-element-8698222 elementor-widget elementor-widget-pxl_heading\" data-id=\"8698222\" data-element_type=\"widget\" data-e-type=\"widget\" data-widget_type=\"pxl_heading.default\">\n\t\t\t\t<div class=\"elementor-widget-container\">\n\t\t\t\t\t\n<div id=\"pxl-pxl_heading-8698222-8032\" class=\"pxl-heading px-sub-title-default-style\">\n\t<div class=\"pxl-heading--inner\">\n\t\t\n\t\t<h3 class=\"pxl-item--title style-default ft-gt highlight-default\" data-wow-delay=\"ms\">\n\t\t\t\t\t\t\tOur Process\t\n\t\t\t\t\n\t\t<\/h3>\n\t\t\n\t<\/div>\n<\/div>\t\t\t\t<\/div>\n\t\t\t\t<\/div>\n\t\t\t\t<div class=\"elementor-element elementor-element-9e61b42 elementor-widget elementor-widget-pxl_text_editor\" data-id=\"9e61b42\" data-element_type=\"widget\" data-e-type=\"widget\" data-widget_type=\"pxl_text_editor.default\">\n\t\t\t\t<div class=\"elementor-widget-container\">\n\t\t\t\t\t<div class=\"pxl-text-editor\">\n\t<div class=\"pxl-item--inner\" data-wow-delay=\"ms\">\n\t\t<p>Lorem ipsum dolor sit amet, consectetur adipiscing elit. Phasellus pharetra tortor eget lacus ullamcorper, posuere fringilla justo convallis.<\/p>\t\t\n\t<\/div>\n<\/div>\t\t\t\t<\/div>\n\t\t\t\t<\/div>\n\t\t\t\t<div class=\"elementor-element elementor-element-02fc443 elementor-widget-divider--view-line elementor-widget elementor-widget-divider\" data-id=\"02fc443\" data-element_type=\"widget\" data-e-type=\"widget\" data-widget_type=\"divider.default\">\n\t\t\t\t<div class=\"elementor-widget-container\">\n\t\t\t\t\t\t\t<div class=\"elementor-divider\">\n\t\t\t<span class=\"elementor-divider-separator\">\n\t\t\t\t\t\t<\/span>\n\t\t<\/div>\n\t\t\t\t\t\t<\/div>\n\t\t\t\t<\/div>\n\t\t\t\t<div class=\"elementor-element elementor-element-bb65e04 elementor-widget-divider--view-line elementor-widget elementor-widget-divider\" data-id=\"bb65e04\" data-element_type=\"widget\" data-e-type=\"widget\" data-widget_type=\"divider.default\">\n\t\t\t\t<div class=\"elementor-widget-container\">\n\t\t\t\t\t\t\t<div class=\"elementor-divider\">\n\t\t\t<span class=\"elementor-divider-separator\">\n\t\t\t\t\t\t<\/span>\n\t\t<\/div>\n\t\t\t\t\t\t<\/div>\n\t\t\t\t<\/div>\n\t\t\t\t<div class=\"elementor-element elementor-element-f5d5229 elementor-widget elementor-widget-pxl_breadcrumb\" data-id=\"f5d5229\" data-element_type=\"widget\" data-e-type=\"widget\" data-widget_type=\"pxl_breadcrumb.default\">\n\t\t\t\t<div class=\"elementor-widget-container\">\n\t\t\t\t\t<div class=\"pxl-breadcrumb-wrap\">\n\t<ul class=\"pxl-breadcrumb\"><li><span class=\"breadcrumb-entry\">Home<\/span><\/li><\/ul><\/div>\t\t\t\t<\/div>\n\t\t\t\t<\/div>\n\t\t            <\/div>\r\n        <\/div>\r\n        \t\t\t<\/div>\n\t\t<\/section>\n\t\t        <section class=\"elementor-section elementor-top-section elementor-element elementor-element-b8a7236 elementor-section-stretched elementor-section-boxed elementor-section-height-default elementor-section-height-default pxl-row-scroll-none pxl-zoom-point-false pxl-section-overflow-visible pxl-section-fix-none pxl-bg-color-none pxl-section-overlay-none\" data-id=\"b8a7236\" data-element_type=\"section\" data-e-type=\"section\" data-settings=\"{&quot;stretch_section&quot;:&quot;section-stretched&quot;}\">\n\n                \n                <div class=\"elementor-container elementor-column-gap-extended\">\n                <div class=\"elementor-column elementor-col-100 elementor-top-column elementor-element elementor-element-58bfb6b pxl-column-none pxl-column-overflow-hidden-no\" data-id=\"58bfb6b\" data-element_type=\"column\" data-e-type=\"column\">\r\n        <div class=\"elementor-widget-wrap elementor-element-populated\">\r\n                     \r\n        \t\t<div class=\"elementor-element elementor-element-207ed26 elementor-invisible elementor-widget elementor-widget-pxl_process\" data-id=\"207ed26\" data-element_type=\"widget\" data-e-type=\"widget\" data-settings=\"{&quot;_animation&quot;:&quot;fadeInUp&quot;}\" data-widget_type=\"pxl_process.default\">\n\t\t\t\t<div class=\"elementor-widget-container\">\n\t\t\t\t\t<div class=\"pxl-process pxl-process1\" data-wow-delay=\"ms\">\r\n            <div class=\"pxl-item--step\">\r\n            1        <\/div>\r\n        <div class=\"pxl-item--inner\">\r\n                    <div class=\"pxl-item--image\">\r\n                <img decoding=\"async\" src=\"https:\/\/www.groupedaodistribution.com\/wp-content\/uploads\/2024\/05\/pr2.webp\" class=\"attachment-full\" alt=\"\" \/>            <\/div>\r\n                <div class=\"wrap-content\">\r\n            <h5 class=\"pxl-item--title el-empty\">Strategic planning<\/h5>\r\n            <div class=\"pxl-item--description el-empty\">We help organizations define objectives that are clear, measurable, aligned with their missions and adapted to changing operational contexts. Our approach emphasizes the integration of adaptive learning mechanisms and scenario-based planning to ensure agility in the face of changing needs. By fostering strategic foresight and stakeholder alignment, we help partners develop ambitious, achievable roadmaps.<\/div>\r\n                        <\/div>\r\n        <\/div>\r\n    <\/div>\t\t\t\t<\/div>\n\t\t\t\t<\/div>\n\t\t\t\t<div class=\"elementor-element elementor-element-5bee530 elementor-invisible elementor-widget elementor-widget-pxl_process\" data-id=\"5bee530\" data-element_type=\"widget\" data-e-type=\"widget\" data-settings=\"{&quot;_animation&quot;:&quot;fadeInUp&quot;}\" data-widget_type=\"pxl_process.default\">\n\t\t\t\t<div class=\"elementor-widget-container\">\n\t\t\t\t\t<div class=\"pxl-process pxl-process1\" data-wow-delay=\"ms\">\r\n            <div class=\"pxl-item--step\">\r\n            2        <\/div>\r\n        <div class=\"pxl-item--inner\">\r\n                    <div class=\"pxl-item--image\">\r\n                <img decoding=\"async\" src=\"https:\/\/www.groupedaodistribution.com\/wp-content\/uploads\/2024\/05\/pr4.webp\" class=\"attachment-full\" alt=\"\" \/>            <\/div>\r\n                <div class=\"wrap-content\">\r\n            <h5 class=\"pxl-item--title el-empty\">Performance monitoring<\/h5>\r\n            <div class=\"pxl-item--description el-empty\">We design and strengthen robust monitoring systems to measure progress via key performance indicators (KPIs), ensuring timely and accurate data collection, analysis and use. Our work enhances real-time decision-making by integrating feedback loops and digital monitoring tools, driving continuous performance improvement across programs and territories.<\/div>\r\n                        <\/div>\r\n        <\/div>\r\n    <\/div>\t\t\t\t<\/div>\n\t\t\t\t<\/div>\n\t\t\t\t<div class=\"elementor-element elementor-element-8cf03a4 elementor-invisible elementor-widget elementor-widget-pxl_process\" data-id=\"8cf03a4\" data-element_type=\"widget\" data-e-type=\"widget\" data-settings=\"{&quot;_animation&quot;:&quot;fadeInUp&quot;}\" data-widget_type=\"pxl_process.default\">\n\t\t\t\t<div class=\"elementor-widget-container\">\n\t\t\t\t\t<div class=\"pxl-process pxl-process1\" data-wow-delay=\"ms\">\r\n            <div class=\"pxl-item--step\">\r\n            3        <\/div>\r\n        <div class=\"pxl-item--inner\">\r\n                    <div class=\"pxl-item--image\">\r\n                <img decoding=\"async\" src=\"https:\/\/www.groupedaodistribution.com\/wp-content\/uploads\/2024\/05\/pr3.webp\" class=\"attachment-full\" alt=\"\" \/>            <\/div>\r\n                <div class=\"wrap-content\">\r\n            <h5 class=\"pxl-item--title el-empty\">Full evaluations<\/h5>\r\n            <div class=\"pxl-item--description el-empty\">Our evaluation services use rigorous mixed-method approaches, including counterfactual designs, theory-based assessments, and participatory techniques to generate actionable analyses. Whether formative, mid-term or final, our evaluations are tailored to capture both expected and unexpected outcomes, contributing to greater accountability, learning, and informed decision-making.<\/div>\r\n                        <\/div>\r\n        <\/div>\r\n    <\/div>\t\t\t\t<\/div>\n\t\t\t\t<\/div>\n\t\t\t\t<div class=\"elementor-element elementor-element-0606dd6 elementor-invisible elementor-widget elementor-widget-pxl_process\" data-id=\"0606dd6\" data-element_type=\"widget\" data-e-type=\"widget\" data-settings=\"{&quot;_animation&quot;:&quot;fadeInUp&quot;}\" data-widget_type=\"pxl_process.default\">\n\t\t\t\t<div class=\"elementor-widget-container\">\n\t\t\t\t\t<div class=\"pxl-process pxl-process1\" data-wow-delay=\"ms\">\r\n            <div class=\"pxl-item--step\">\r\n            4        <\/div>\r\n        <div class=\"pxl-item--inner\">\r\n                    <div class=\"pxl-item--image\">\r\n                <img decoding=\"async\" src=\"https:\/\/www.groupedaodistribution.com\/wp-content\/uploads\/2024\/05\/pr2.webp\" class=\"attachment-full\" alt=\"\" \/>            <\/div>\r\n                <div class=\"wrap-content\">\r\n            <h5 class=\"pxl-item--title el-empty\">Applied research<\/h5>\r\n            <div class=\"pxl-item--description el-empty\">We conduct commissioned research that addresses pressing policy and programmatic issues. Our studies blend quantitative analysis, qualitative inquiry and geospatial methods to highlight gaps, trends and opportunities. Findings are synthesized to support high-stakes decision-making and guide the design of more effective and equitable interventions.<\/div>\r\n                        <\/div>\r\n        <\/div>\r\n    <\/div>\t\t\t\t<\/div>\n\t\t\t\t<\/div>\n\t\t\t\t<div class=\"elementor-element elementor-element-3cb246f elementor-invisible elementor-widget elementor-widget-pxl_process\" data-id=\"3cb246f\" data-element_type=\"widget\" data-e-type=\"widget\" data-settings=\"{&quot;_animation&quot;:&quot;fadeInUp&quot;}\" data-widget_type=\"pxl_process.default\">\n\t\t\t\t<div class=\"elementor-widget-container\">\n\t\t\t\t\t<div class=\"pxl-process pxl-process1\" data-wow-delay=\"ms\">\r\n            <div class=\"pxl-item--step\">\r\n            5        <\/div>\r\n        <div class=\"pxl-item--inner\">\r\n                    <div class=\"pxl-item--image\">\r\n                <img decoding=\"async\" src=\"https:\/\/www.groupedaodistribution.com\/wp-content\/uploads\/2024\/05\/pr2.webp\" class=\"attachment-full\" alt=\"\" \/>            <\/div>\r\n                <div class=\"wrap-content\">\r\n            <h5 class=\"pxl-item--title el-empty\">Collaborative learning<\/h5>\r\n            <div class=\"pxl-item--description el-empty\">We facilitate structured learning processes that help turn evidence into action. Through interactive workshops, learning summaries, and after-action reviews, we create platforms for reflection, cross-sector dialogue, and knowledge sharing. Our collaborative learning efforts are designed to build a culture of continuous improvement, strengthen corporate memory, and support adaptive management.<\/div>\r\n                        <\/div>\r\n        <\/div>\r\n    <\/div>\t\t\t\t<\/div>\n\t\t\t\t<\/div>\n\t\t            <\/div>\r\n        <\/div>\r\n        \t\t\t<\/div>\n\t\t<\/section>\n\t\t        <section class=\"elementor-section elementor-top-section elementor-element elementor-element-cb41deb elementor-section-height-min-height elementor-section-stretched elementor-section-boxed elementor-section-height-default elementor-section-items-middle pxl-row-scroll-none pxl-zoom-point-false pxl-section-overflow-visible pxl-section-fix-none pxl-bg-color-none pxl-section-overlay-none\" data-id=\"cb41deb\" data-element_type=\"section\" data-e-type=\"section\" data-settings=\"{&quot;stretch_section&quot;:&quot;section-stretched&quot;,&quot;background_background&quot;:&quot;classic&quot;}\">\n\n                \n                <div class=\"elementor-container elementor-column-gap-extended\">\n                <div class=\"elementor-column elementor-col-100 elementor-top-column elementor-element elementor-element-3a2c306 pxl-column-none pxl-column-overflow-hidden-no\" data-id=\"3a2c306\" data-element_type=\"column\" data-e-type=\"column\">\r\n        <div class=\"elementor-widget-wrap elementor-element-populated\">\r\n                     \r\n        \t\t<div class=\"elementor-element elementor-element-d3bab84 ft-gt elementor-widget elementor-widget-pxl_heading\" data-id=\"d3bab84\" data-element_type=\"widget\" data-e-type=\"widget\" data-widget_type=\"pxl_heading.default\">\n\t\t\t\t<div class=\"elementor-widget-container\">\n\t\t\t\t\t\n<div id=\"pxl-pxl_heading-d3bab84-9108\" class=\"pxl-heading px-sub-title-default-style\">\n\t<div class=\"pxl-heading--inner\">\n\t\t\n\t\t<h3 class=\"pxl-item--title style-default ft-gt highlight-default pxl-split-text split-in-fade\" data-wow-delay=\"ms\">\n\t\t\t\t\t\t\tLet's Collaborate with Us!\n\t\n\t\t\t\t\n\t\t<\/h3>\n\t\t\n\t<\/div>\n<\/div>\t\t\t\t<\/div>\n\t\t\t\t<\/div>\n\t\t\t\t<div class=\"elementor-element elementor-element-e0c5721 elementor-widget elementor-widget-pxl_text_editor\" data-id=\"e0c5721\" data-element_type=\"widget\" data-e-type=\"widget\" data-widget_type=\"pxl_text_editor.default\">\n\t\t\t\t<div class=\"elementor-widget-container\">\n\t\t\t\t\t<div class=\"pxl-text-editor\">\n\t<div class=\"pxl-item--inner  ft-gt\" data-wow-delay=\"ms\">\n\t\t<p>From an early stage start-up's growth strategies to helping existing businesses, we have done it all! The results speak for themselves. Our services work.<\/p>\t\t\n\t<\/div>\n<\/div>\t\t\t\t<\/div>\n\t\t\t\t<\/div>\n\t\t\t\t<div class=\"elementor-element elementor-element-9143a94 elementor-align-left ft-gt pxl-icon-list  elementor-widget elementor-widget-pxl_button\" data-id=\"9143a94\" data-element_type=\"widget\" data-e-type=\"widget\" data-widget_type=\"pxl_button.default\">\n\t\t\t\t<div class=\"elementor-widget-container\">\n\t\t\t\t\t<div id=\"pxl-pxl_button-9143a94-6030\" class=\"pxl-button pxl-atc-link\" data-wow-delay=\"ms\">\r\n    <a href=\"https:\/\/demo.bravisthemes.com\/herrington\/contact-us\/\" class=\"btn pxl-icon-active btn-text-nina btn-default  inline pxl-icon--right\" data-wow-delay=\"ms\" data-target=\".pxl-page-popup-template-0\">\r\n                <span class=\"pxl--btn-text\" data-text=\"Let&#039;s Develop Together\">\r\n            <span>L<\/span><span>e<\/span><span>t<\/span><span>'<\/span><span>s<\/span><span class=\"spacer\">&nbsp;<\/span><span>D<\/span><span>e<\/span><span>v<\/span><span>e<\/span><span>l<\/span><span>o<\/span><span>p<\/span><span class=\"spacer\">&nbsp;<\/span><span>T<\/span><span>o<\/span><span>g<\/span><span>e<\/span><span>t<\/span><span>h<\/span><span>e<\/span><span>r<\/span>        <\/span>\r\n            <\/a>\r\n<\/div>\t\t\t\t<\/div>\n\t\t\t\t<\/div>\n\t\t            <\/div>\r\n        <\/div>\r\n        \t\t\t<\/div>\n\t\t<\/section>\n\t\t\t\t<\/div>","protected":false},"excerpt":{"rendered":"<p>Our Process Lorem ipsum dolor sit amet, consectetur adipiscing elit. Phasellus pharetra tortor eget lacus ullamcorper, posuere fringilla justo convallis. Accueil 1 Planification strat\u00e9gique Nous aidons les organisations \u00e0 d\u00e9finir des objectifs clairs, mesurables, align\u00e9s sur leurs missions et adapt\u00e9s aux contextes op\u00e9rationnels \u00e9volutifs. Notre approche met l\u2019accent sur l\u2019int\u00e9gration de m\u00e9canismes d\u2019apprentissage adaptatif et [&hellip;]<\/p>\n","protected":false},"author":1,"featured_media":0,"parent":0,"menu_order":0,"comment_status":"closed","ping_status":"closed","template":"","meta":{"footnotes":""},"class_list":["post-182","page","type-page","status-publish","hentry"],"_links":{"self":[{"href":"https:\/\/www.groupedaodistribution.com\/en\/wp-json\/wp\/v2\/pages\/182","targetHints":{"allow":["GET"]}}],"collection":[{"href":"https:\/\/www.groupedaodistribution.com\/en\/wp-json\/wp\/v2\/pages"}],"about":[{"href":"https:\/\/www.groupedaodistribution.com\/en\/wp-json\/wp\/v2\/types\/page"}],"author":[{"embeddable":true,"href":"https:\/\/www.groupedaodistribution.com\/en\/wp-json\/wp\/v2\/users\/1"}],"replies":[{"embeddable":true,"href":"https:\/\/www.groupedaodistribution.com\/en\/wp-json\/wp\/v2\/comments?post=182"}],"version-history":[{"count":3,"href":"https:\/\/www.groupedaodistribution.com\/en\/wp-json\/wp\/v2\/pages\/182\/revisions"}],"predecessor-version":[{"id":12328,"href":"https:\/\/www.groupedaodistribution.com\/en\/wp-json\/wp\/v2\/pages\/182\/revisions\/12328"}],"wp:attachment":[{"href":"https:\/\/www.groupedaodistribution.com\/en\/wp-json\/wp\/v2\/media?parent=182"}],"curies":[{"name":"wp","href":"https:\/\/api.w.org\/{rel}","templated":true}]}}